{"id":705,"date":"2026-04-11T13:46:01","date_gmt":"2026-04-11T11:46:01","guid":{"rendered":"https:\/\/cottenier-partners.be\/?page_id=705"},"modified":"2026-04-11T13:46:02","modified_gmt":"2026-04-11T11:46:02","slug":"conditions-dutilisation-du-site","status":"publish","type":"page","link":"https:\/\/cottenier-partners.be\/index.php\/conditions-dutilisation-du-site\/","title":{"rendered":"Conditions d\u2019utilisation du site"},"content":{"rendered":"\n<h3 class=\"wp-block-heading\">Conditions d\u2019utilisation<\/h3>\n\n\n\n<p>Le pr\u00e9sent site web est \u00e9dit\u00e9 par :<\/p>\n\n\n\n<p><strong>Cottenier &amp; Partners &#8211; Architectes experts SRL<\/strong><br>Si\u00e8ge social : Avenue de la Dame 2, 1325 Chaumont-Gistoux<br>Si\u00e8ge d\u2019exploitation : Avenue du Martin-P\u00eacheur 19-21, 1170 Watermael-Boitsfort<br>Email :&nbsp;<a>media@cottenier-partners.be<\/a><br>T\u00e9l\u00e9phone : 02.280.45.80<br>BCE : 0671.548.321<br>TVA : BE 0671.548.321<\/p>\n\n\n\n<hr class=\"wp-block-separator has-alpha-channel-opacity\"\/>\n\n\n\n<h3 class=\"wp-block-heading\">1. Objet<\/h3>\n\n\n\n<p>Les pr\u00e9sentes conditions ont pour objet de d\u00e9finir les modalit\u00e9s d\u2019utilisation du site web accessible \u00e0 l\u2019adresse :<br><a href=\"http:\/\/cottenier-partners.be\/\">http:\/\/cottenier-partners.be<\/a><\/p>\n\n\n\n<hr class=\"wp-block-separator has-alpha-channel-opacity\"\/>\n\n\n\n<h3 class=\"wp-block-heading\">2. Acc\u00e8s au site<\/h3>\n\n\n\n<p>Le site est accessible gratuitement \u00e0 tout utilisateur disposant d\u2019un acc\u00e8s \u00e0 Internet.<br>Tous les frais li\u00e9s \u00e0 l\u2019acc\u00e8s au site restent \u00e0 la charge de l\u2019utilisateur.<\/p>\n\n\n\n<hr class=\"wp-block-separator has-alpha-channel-opacity\"\/>\n\n\n\n<h3 class=\"wp-block-heading\">3. Propri\u00e9t\u00e9 intellectuelle<\/h3>\n\n\n\n<p>L\u2019ensemble des contenus pr\u00e9sents sur le site (textes, images, graphismes, logo, etc.) sont prot\u00e9g\u00e9s par le droit d\u2019auteur.<\/p>\n\n\n\n<p>Toute reproduction, distribution ou utilisation sans autorisation pr\u00e9alable est interdite.<\/p>\n\n\n\n<hr class=\"wp-block-separator has-alpha-channel-opacity\"\/>\n\n\n\n<h3 class=\"wp-block-heading\">4. Responsabilit\u00e9<\/h3>\n\n\n\n<p>Cottenier &amp; Partners met tout en \u0153uvre pour fournir des informations fiables.<br>Cependant, elle ne peut garantir l\u2019exactitude ou l\u2019exhaustivit\u00e9 des informations diffus\u00e9es.<\/p>\n\n\n\n<p>L\u2019utilisateur reste seul responsable de l\u2019usage qu\u2019il fait des informations.<\/p>\n\n\n\n<hr class=\"wp-block-separator has-alpha-channel-opacity\"\/>\n\n\n\n<h3 class=\"wp-block-heading\">5. Liens externes<\/h3>\n\n\n\n<p>Le site peut contenir des liens vers des sites tiers.<br>Cottenier &amp; Partners ne peut \u00eatre tenue responsable du contenu de ces sites.<\/p>\n\n\n\n<hr class=\"wp-block-separator has-alpha-channel-opacity\"\/>\n\n\n\n<h3 class=\"wp-block-heading\">6. Droit applicable<\/h3>\n\n\n\n<p>Les pr\u00e9sentes conditions sont r\u00e9gies par le droit belge.<br>Tout litige rel\u00e8ve des tribunaux comp\u00e9tents de Bruxelles.<\/p>\n","protected":false},"excerpt":{"rendered":"<p>Conditions d\u2019utilisation Le pr\u00e9sent site web est \u00e9dit\u00e9 par : Cottenier &amp; Partners &#8211; Architectes experts SRLSi\u00e8ge social : Avenue de la Dame 2, 1325 Chaumont-GistouxSi\u00e8ge d\u2019exploitation : Avenue du Martin-P\u00eacheur 19-21, 1170 Watermael-BoitsfortEmail :&nbsp;media@cottenier-partners.beT\u00e9l\u00e9phone : 02.280.45.80BCE : 0671.548.321TVA : BE 0671.548.321 1. Objet Les pr\u00e9sentes conditions ont pour objet de d\u00e9finir les modalit\u00e9s d\u2019utilisation [&hellip;]<\/p>\n","protected":false},"author":1,"featured_media":0,"parent":0,"menu_order":0,"comment_status":"closed","ping_status":"open","template":"","meta":{"inline_featured_image":false,"footnotes":""},"class_list":["post-705","page","type-page","status-publish","hentry"],"yoast_head":"<!-- This site is optimized with the Yoast SEO plugin v27.3 - https:\/\/yoast.com\/product\/yoast-seo-wordpress\/ -->\n<title>Conditions d\u2019utilisation du site - cottenier-partners<\/title>\n<meta name=\"robots\" content=\"index, follow, max-snippet:-1, max-image-preview:large, max-video-preview:-1\" \/>\n<link rel=\"canonical\" href=\"https:\/\/cottenier-partners.be\/index.php\/conditions-dutilisation-du-site\/\" \/>\n<meta property=\"og:locale\" content=\"fr_FR\" \/>\n<meta property=\"og:type\" content=\"article\" \/>\n<meta property=\"og:title\" content=\"Conditions d\u2019utilisation du site - cottenier-partners\" \/>\n<meta property=\"og:description\" content=\"Conditions d\u2019utilisation Le pr\u00e9sent site web est \u00e9dit\u00e9 par : Cottenier &amp; Partners &#8211; Architectes experts SRLSi\u00e8ge social : Avenue de la Dame 2, 1325 Chaumont-GistouxSi\u00e8ge d\u2019exploitation : Avenue du Martin-P\u00eacheur 19-21, 1170 Watermael-BoitsfortEmail :&nbsp;media@cottenier-partners.beT\u00e9l\u00e9phone : 02.280.45.80BCE : 0671.548.321TVA : BE 0671.548.321 1. Objet Les pr\u00e9sentes conditions ont pour objet de d\u00e9finir les modalit\u00e9s d\u2019utilisation [&hellip;]\" \/>\n<meta property=\"og:url\" content=\"https:\/\/cottenier-partners.be\/index.php\/conditions-dutilisation-du-site\/\" \/>\n<meta property=\"og:site_name\" content=\"cottenier-partners\" \/>\n<meta property=\"article:modified_time\" content=\"2026-04-11T11:46:02+00:00\" \/>\n<meta name=\"twitter:card\" content=\"summary_large_image\" \/>\n<meta name=\"twitter:label1\" content=\"Dur\u00e9e de lecture estim\u00e9e\" \/>\n\t<meta name=\"twitter:data1\" content=\"2 minutes\" \/>\n<script type=\"application\/ld+json\" class=\"yoast-schema-graph\">{\"@context\":\"https:\\\/\\\/schema.org\",\"@graph\":[{\"@type\":\"WebPage\",\"@id\":\"https:\\\/\\\/cottenier-partners.be\\\/index.php\\\/conditions-dutilisation-du-site\\\/\",\"url\":\"https:\\\/\\\/cottenier-partners.be\\\/index.php\\\/conditions-dutilisation-du-site\\\/\",\"name\":\"Conditions d\u2019utilisation du site - cottenier-partners\",\"isPartOf\":{\"@id\":\"https:\\\/\\\/cottenier-partners.be\\\/#website\"},\"datePublished\":\"2026-04-11T11:46:01+00:00\",\"dateModified\":\"2026-04-11T11:46:02+00:00\",\"breadcrumb\":{\"@id\":\"https:\\\/\\\/cottenier-partners.be\\\/index.php\\\/conditions-dutilisation-du-site\\\/#breadcrumb\"},\"inLanguage\":\"fr-FR\",\"potentialAction\":[{\"@type\":\"ReadAction\",\"target\":[\"https:\\\/\\\/cottenier-partners.be\\\/index.php\\\/conditions-dutilisation-du-site\\\/\"]}]},{\"@type\":\"BreadcrumbList\",\"@id\":\"https:\\\/\\\/cottenier-partners.be\\\/index.php\\\/conditions-dutilisation-du-site\\\/#breadcrumb\",\"itemListElement\":[{\"@type\":\"ListItem\",\"position\":1,\"name\":\"Accueil\",\"item\":\"https:\\\/\\\/cottenier-partners.be\\\/\"},{\"@type\":\"ListItem\",\"position\":2,\"name\":\"Conditions d\u2019utilisation du site\"}]},{\"@type\":\"WebSite\",\"@id\":\"https:\\\/\\\/cottenier-partners.be\\\/#website\",\"url\":\"https:\\\/\\\/cottenier-partners.be\\\/\",\"name\":\"cottenier-partners\",\"description\":\"Toujours \u00e0 vos c\u00f4t\u00e9s\",\"publisher\":{\"@id\":\"https:\\\/\\\/cottenier-partners.be\\\/#organization\"},\"potentialAction\":[{\"@type\":\"SearchAction\",\"target\":{\"@type\":\"EntryPoint\",\"urlTemplate\":\"https:\\\/\\\/cottenier-partners.be\\\/?s={search_term_string}\"},\"query-input\":{\"@type\":\"PropertyValueSpecification\",\"valueRequired\":true,\"valueName\":\"search_term_string\"}}],\"inLanguage\":\"fr-FR\"},{\"@type\":\"Organization\",\"@id\":\"https:\\\/\\\/cottenier-partners.be\\\/#organization\",\"name\":\"cottenier-partners\",\"url\":\"https:\\\/\\\/cottenier-partners.be\\\/\",\"logo\":{\"@type\":\"ImageObject\",\"inLanguage\":\"fr-FR\",\"@id\":\"https:\\\/\\\/cottenier-partners.be\\\/#\\\/schema\\\/logo\\\/image\\\/\",\"url\":\"https:\\\/\\\/cottenier-partners.be\\\/wp-content\\\/uploads\\\/2023\\\/06\\\/Logo_Cottenier.png\",\"contentUrl\":\"https:\\\/\\\/cottenier-partners.be\\\/wp-content\\\/uploads\\\/2023\\\/06\\\/Logo_Cottenier.png\",\"width\":1000,\"height\":697,\"caption\":\"cottenier-partners\"},\"image\":{\"@id\":\"https:\\\/\\\/cottenier-partners.be\\\/#\\\/schema\\\/logo\\\/image\\\/\"}}]}<\/script>\n<!-- \/ Yoast SEO plugin. -->","yoast_head_json":{"title":"Conditions d\u2019utilisation du site - cottenier-partners","robots":{"index":"index","follow":"follow","max-snippet":"max-snippet:-1","max-image-preview":"max-image-preview:large","max-video-preview":"max-video-preview:-1"},"canonical":"https:\/\/cottenier-partners.be\/index.php\/conditions-dutilisation-du-site\/","og_locale":"fr_FR","og_type":"article","og_title":"Conditions d\u2019utilisation du site - cottenier-partners","og_description":"Conditions d\u2019utilisation Le pr\u00e9sent site web est \u00e9dit\u00e9 par : Cottenier &amp; Partners &#8211; Architectes experts SRLSi\u00e8ge social : Avenue de la Dame 2, 1325 Chaumont-GistouxSi\u00e8ge d\u2019exploitation : Avenue du Martin-P\u00eacheur 19-21, 1170 Watermael-BoitsfortEmail :&nbsp;media@cottenier-partners.beT\u00e9l\u00e9phone : 02.280.45.80BCE : 0671.548.321TVA : BE 0671.548.321 1. Objet Les pr\u00e9sentes conditions ont pour objet de d\u00e9finir les modalit\u00e9s d\u2019utilisation [&hellip;]","og_url":"https:\/\/cottenier-partners.be\/index.php\/conditions-dutilisation-du-site\/","og_site_name":"cottenier-partners","article_modified_time":"2026-04-11T11:46:02+00:00","twitter_card":"summary_large_image","twitter_misc":{"Dur\u00e9e de lecture estim\u00e9e":"2 minutes"},"schema":{"@context":"https:\/\/schema.org","@graph":[{"@type":"WebPage","@id":"https:\/\/cottenier-partners.be\/index.php\/conditions-dutilisation-du-site\/","url":"https:\/\/cottenier-partners.be\/index.php\/conditions-dutilisation-du-site\/","name":"Conditions d\u2019utilisation du site - cottenier-partners","isPartOf":{"@id":"https:\/\/cottenier-partners.be\/#website"},"datePublished":"2026-04-11T11:46:01+00:00","dateModified":"2026-04-11T11:46:02+00:00","breadcrumb":{"@id":"https:\/\/cottenier-partners.be\/index.php\/conditions-dutilisation-du-site\/#breadcrumb"},"inLanguage":"fr-FR","potentialAction":[{"@type":"ReadAction","target":["https:\/\/cottenier-partners.be\/index.php\/conditions-dutilisation-du-site\/"]}]},{"@type":"BreadcrumbList","@id":"https:\/\/cottenier-partners.be\/index.php\/conditions-dutilisation-du-site\/#breadcrumb","itemListElement":[{"@type":"ListItem","position":1,"name":"Accueil","item":"https:\/\/cottenier-partners.be\/"},{"@type":"ListItem","position":2,"name":"Conditions d\u2019utilisation du site"}]},{"@type":"WebSite","@id":"https:\/\/cottenier-partners.be\/#website","url":"https:\/\/cottenier-partners.be\/","name":"cottenier-partners","description":"Toujours \u00e0 vos c\u00f4t\u00e9s","publisher":{"@id":"https:\/\/cottenier-partners.be\/#organization"},"potentialAction":[{"@type":"SearchAction","target":{"@type":"EntryPoint","urlTemplate":"https:\/\/cottenier-partners.be\/?s={search_term_string}"},"query-input":{"@type":"PropertyValueSpecification","valueRequired":true,"valueName":"search_term_string"}}],"inLanguage":"fr-FR"},{"@type":"Organization","@id":"https:\/\/cottenier-partners.be\/#organization","name":"cottenier-partners","url":"https:\/\/cottenier-partners.be\/","logo":{"@type":"ImageObject","inLanguage":"fr-FR","@id":"https:\/\/cottenier-partners.be\/#\/schema\/logo\/image\/","url":"https:\/\/cottenier-partners.be\/wp-content\/uploads\/2023\/06\/Logo_Cottenier.png","contentUrl":"https:\/\/cottenier-partners.be\/wp-content\/uploads\/2023\/06\/Logo_Cottenier.png","width":1000,"height":697,"caption":"cottenier-partners"},"image":{"@id":"https:\/\/cottenier-partners.be\/#\/schema\/logo\/image\/"}}]}},"_links":{"self":[{"href":"https:\/\/cottenier-partners.be\/index.php\/wp-json\/wp\/v2\/pages\/705","targetHints":{"allow":["GET"]}}],"collection":[{"href":"https:\/\/cottenier-partners.be\/index.php\/wp-json\/wp\/v2\/pages"}],"about":[{"href":"https:\/\/cottenier-partners.be\/index.php\/wp-json\/wp\/v2\/types\/page"}],"author":[{"embeddable":true,"href":"https:\/\/cottenier-partners.be\/index.php\/wp-json\/wp\/v2\/users\/1"}],"replies":[{"embeddable":true,"href":"https:\/\/cottenier-partners.be\/index.php\/wp-json\/wp\/v2\/comments?post=705"}],"version-history":[{"count":1,"href":"https:\/\/cottenier-partners.be\/index.php\/wp-json\/wp\/v2\/pages\/705\/revisions"}],"predecessor-version":[{"id":706,"href":"https:\/\/cottenier-partners.be\/index.php\/wp-json\/wp\/v2\/pages\/705\/revisions\/706"}],"wp:attachment":[{"href":"https:\/\/cottenier-partners.be\/index.php\/wp-json\/wp\/v2\/media?parent=705"}],"curies":[{"name":"wp","href":"https:\/\/api.w.org\/{rel}","templated":true}]}}