{"id":707,"date":"2026-04-11T14:00:55","date_gmt":"2026-04-11T12:00:55","guid":{"rendered":"https:\/\/cottenier-partners.be\/?page_id=707"},"modified":"2026-04-11T14:00:56","modified_gmt":"2026-04-11T12:00:56","slug":"politique-de-cookies","status":"publish","type":"page","link":"https:\/\/cottenier-partners.be\/index.php\/politique-de-cookies\/","title":{"rendered":"Politique de cookies"},"content":{"rendered":"\n<h3 class=\"wp-block-heading\">1. Qu\u2019est-ce qu\u2019un cookie ?<\/h3>\n\n\n\n<p>Un cookie est un petit fichier texte enregistr\u00e9 sur votre appareil lors de la visite d\u2019un site web.<\/p>\n\n\n\n<hr class=\"wp-block-separator has-alpha-channel-opacity\"\/>\n\n\n\n<h3 class=\"wp-block-heading\">2. Types de cookies utilis\u00e9s<\/h3>\n\n\n\n<p>Nous utilisons :<\/p>\n\n\n\n<h4 class=\"wp-block-heading\">Cookies n\u00e9cessaires<\/h4>\n\n\n\n<p>Permettent le fonctionnement du site (ex : navigation, s\u00e9curit\u00e9)<\/p>\n\n\n\n<h4 class=\"wp-block-heading\">Cookies de performance<\/h4>\n\n\n\n<p>Permettent d\u2019analyser l\u2019utilisation du site (ex : Google Analytics)<\/p>\n\n\n\n<h4 class=\"wp-block-heading\">Cookies de pr\u00e9f\u00e9rence<\/h4>\n\n\n\n<p>M\u00e9morisent vos choix (langue, param\u00e8tres)<\/p>\n\n\n\n<hr class=\"wp-block-separator has-alpha-channel-opacity\"\/>\n\n\n\n<h3 class=\"wp-block-heading\">3. Gestion des cookies<\/h3>\n\n\n\n<p>Lors de votre premi\u00e8re visite, un bandeau vous permet :<\/p>\n\n\n\n<ul class=\"wp-block-list\">\n<li>d\u2019accepter les cookies<\/li>\n\n\n\n<li>de les refuser<\/li>\n\n\n\n<li>de les param\u00e9trer<\/li>\n<\/ul>\n\n\n\n<p>Vous pouvez \u00e9galement configurer votre navigateur pour bloquer les cookies.<\/p>\n\n\n\n<hr class=\"wp-block-separator has-alpha-channel-opacity\"\/>\n\n\n\n<h3 class=\"wp-block-heading\">4. Dur\u00e9e de conservation<\/h3>\n\n\n\n<p>Les cookies sont conserv\u00e9s pour une dur\u00e9e maximale de 13 mois.<\/p>\n\n\n\n<hr class=\"wp-block-separator has-alpha-channel-opacity\"\/>\n\n\n\n<h3 class=\"wp-block-heading\">5. Contact<\/h3>\n\n\n\n<p>Pour toute question :<br><a>media@cottenier-partners.be<\/a><\/p>\n","protected":false},"excerpt":{"rendered":"<p>1. Qu\u2019est-ce qu\u2019un cookie ? Un cookie est un petit fichier texte enregistr\u00e9 sur votre appareil lors de la visite d\u2019un site web. 2. Types de cookies utilis\u00e9s Nous utilisons : Cookies n\u00e9cessaires Permettent le fonctionnement du site (ex : navigation, s\u00e9curit\u00e9) Cookies de performance Permettent d\u2019analyser l\u2019utilisation du site (ex : Google Analytics) Cookies [&hellip;]<\/p>\n","protected":false},"author":1,"featured_media":0,"parent":0,"menu_order":0,"comment_status":"closed","ping_status":"open","template":"","meta":{"inline_featured_image":false,"footnotes":""},"class_list":["post-707","page","type-page","status-publish","hentry"],"yoast_head":"<!-- This site is optimized with the Yoast SEO plugin v27.3 - https:\/\/yoast.com\/product\/yoast-seo-wordpress\/ -->\n<title>Politique de cookies - cottenier-partners<\/title>\n<meta name=\"robots\" content=\"index, follow, max-snippet:-1, max-image-preview:large, max-video-preview:-1\" \/>\n<link rel=\"canonical\" href=\"https:\/\/cottenier-partners.be\/index.php\/politique-de-cookies\/\" \/>\n<meta property=\"og:locale\" content=\"fr_FR\" \/>\n<meta property=\"og:type\" content=\"article\" \/>\n<meta property=\"og:title\" content=\"Politique de cookies - cottenier-partners\" \/>\n<meta property=\"og:description\" content=\"1. Qu\u2019est-ce qu\u2019un cookie ? Un cookie est un petit fichier texte enregistr\u00e9 sur votre appareil lors de la visite d\u2019un site web. 2. Types de cookies utilis\u00e9s Nous utilisons : Cookies n\u00e9cessaires Permettent le fonctionnement du site (ex : navigation, s\u00e9curit\u00e9) Cookies de performance Permettent d\u2019analyser l\u2019utilisation du site (ex : Google Analytics) Cookies [&hellip;]\" \/>\n<meta property=\"og:url\" content=\"https:\/\/cottenier-partners.be\/index.php\/politique-de-cookies\/\" \/>\n<meta property=\"og:site_name\" content=\"cottenier-partners\" \/>\n<meta property=\"article:modified_time\" content=\"2026-04-11T12:00:56+00:00\" \/>\n<meta name=\"twitter:card\" content=\"summary_large_image\" \/>\n<meta name=\"twitter:label1\" content=\"Dur\u00e9e de lecture estim\u00e9e\" \/>\n\t<meta name=\"twitter:data1\" content=\"1 minute\" \/>\n<script type=\"application\/ld+json\" class=\"yoast-schema-graph\">{\"@context\":\"https:\\\/\\\/schema.org\",\"@graph\":[{\"@type\":\"WebPage\",\"@id\":\"https:\\\/\\\/cottenier-partners.be\\\/index.php\\\/politique-de-cookies\\\/\",\"url\":\"https:\\\/\\\/cottenier-partners.be\\\/index.php\\\/politique-de-cookies\\\/\",\"name\":\"Politique de cookies - cottenier-partners\",\"isPartOf\":{\"@id\":\"https:\\\/\\\/cottenier-partners.be\\\/#website\"},\"datePublished\":\"2026-04-11T12:00:55+00:00\",\"dateModified\":\"2026-04-11T12:00:56+00:00\",\"breadcrumb\":{\"@id\":\"https:\\\/\\\/cottenier-partners.be\\\/index.php\\\/politique-de-cookies\\\/#breadcrumb\"},\"inLanguage\":\"fr-FR\",\"potentialAction\":[{\"@type\":\"ReadAction\",\"target\":[\"https:\\\/\\\/cottenier-partners.be\\\/index.php\\\/politique-de-cookies\\\/\"]}]},{\"@type\":\"BreadcrumbList\",\"@id\":\"https:\\\/\\\/cottenier-partners.be\\\/index.php\\\/politique-de-cookies\\\/#breadcrumb\",\"itemListElement\":[{\"@type\":\"ListItem\",\"position\":1,\"name\":\"Accueil\",\"item\":\"https:\\\/\\\/cottenier-partners.be\\\/\"},{\"@type\":\"ListItem\",\"position\":2,\"name\":\"Politique de cookies\"}]},{\"@type\":\"WebSite\",\"@id\":\"https:\\\/\\\/cottenier-partners.be\\\/#website\",\"url\":\"https:\\\/\\\/cottenier-partners.be\\\/\",\"name\":\"cottenier-partners\",\"description\":\"Toujours \u00e0 vos c\u00f4t\u00e9s\",\"publisher\":{\"@id\":\"https:\\\/\\\/cottenier-partners.be\\\/#organization\"},\"potentialAction\":[{\"@type\":\"SearchAction\",\"target\":{\"@type\":\"EntryPoint\",\"urlTemplate\":\"https:\\\/\\\/cottenier-partners.be\\\/?s={search_term_string}\"},\"query-input\":{\"@type\":\"PropertyValueSpecification\",\"valueRequired\":true,\"valueName\":\"search_term_string\"}}],\"inLanguage\":\"fr-FR\"},{\"@type\":\"Organization\",\"@id\":\"https:\\\/\\\/cottenier-partners.be\\\/#organization\",\"name\":\"cottenier-partners\",\"url\":\"https:\\\/\\\/cottenier-partners.be\\\/\",\"logo\":{\"@type\":\"ImageObject\",\"inLanguage\":\"fr-FR\",\"@id\":\"https:\\\/\\\/cottenier-partners.be\\\/#\\\/schema\\\/logo\\\/image\\\/\",\"url\":\"https:\\\/\\\/cottenier-partners.be\\\/wp-content\\\/uploads\\\/2023\\\/06\\\/Logo_Cottenier.png\",\"contentUrl\":\"https:\\\/\\\/cottenier-partners.be\\\/wp-content\\\/uploads\\\/2023\\\/06\\\/Logo_Cottenier.png\",\"width\":1000,\"height\":697,\"caption\":\"cottenier-partners\"},\"image\":{\"@id\":\"https:\\\/\\\/cottenier-partners.be\\\/#\\\/schema\\\/logo\\\/image\\\/\"}}]}<\/script>\n<!-- \/ Yoast SEO plugin. -->","yoast_head_json":{"title":"Politique de cookies - cottenier-partners","robots":{"index":"index","follow":"follow","max-snippet":"max-snippet:-1","max-image-preview":"max-image-preview:large","max-video-preview":"max-video-preview:-1"},"canonical":"https:\/\/cottenier-partners.be\/index.php\/politique-de-cookies\/","og_locale":"fr_FR","og_type":"article","og_title":"Politique de cookies - cottenier-partners","og_description":"1. Qu\u2019est-ce qu\u2019un cookie ? Un cookie est un petit fichier texte enregistr\u00e9 sur votre appareil lors de la visite d\u2019un site web. 2. Types de cookies utilis\u00e9s Nous utilisons : Cookies n\u00e9cessaires Permettent le fonctionnement du site (ex : navigation, s\u00e9curit\u00e9) Cookies de performance Permettent d\u2019analyser l\u2019utilisation du site (ex : Google Analytics) Cookies [&hellip;]","og_url":"https:\/\/cottenier-partners.be\/index.php\/politique-de-cookies\/","og_site_name":"cottenier-partners","article_modified_time":"2026-04-11T12:00:56+00:00","twitter_card":"summary_large_image","twitter_misc":{"Dur\u00e9e de lecture estim\u00e9e":"1 minute"},"schema":{"@context":"https:\/\/schema.org","@graph":[{"@type":"WebPage","@id":"https:\/\/cottenier-partners.be\/index.php\/politique-de-cookies\/","url":"https:\/\/cottenier-partners.be\/index.php\/politique-de-cookies\/","name":"Politique de cookies - cottenier-partners","isPartOf":{"@id":"https:\/\/cottenier-partners.be\/#website"},"datePublished":"2026-04-11T12:00:55+00:00","dateModified":"2026-04-11T12:00:56+00:00","breadcrumb":{"@id":"https:\/\/cottenier-partners.be\/index.php\/politique-de-cookies\/#breadcrumb"},"inLanguage":"fr-FR","potentialAction":[{"@type":"ReadAction","target":["https:\/\/cottenier-partners.be\/index.php\/politique-de-cookies\/"]}]},{"@type":"BreadcrumbList","@id":"https:\/\/cottenier-partners.be\/index.php\/politique-de-cookies\/#breadcrumb","itemListElement":[{"@type":"ListItem","position":1,"name":"Accueil","item":"https:\/\/cottenier-partners.be\/"},{"@type":"ListItem","position":2,"name":"Politique de cookies"}]},{"@type":"WebSite","@id":"https:\/\/cottenier-partners.be\/#website","url":"https:\/\/cottenier-partners.be\/","name":"cottenier-partners","description":"Toujours \u00e0 vos c\u00f4t\u00e9s","publisher":{"@id":"https:\/\/cottenier-partners.be\/#organization"},"potentialAction":[{"@type":"SearchAction","target":{"@type":"EntryPoint","urlTemplate":"https:\/\/cottenier-partners.be\/?s={search_term_string}"},"query-input":{"@type":"PropertyValueSpecification","valueRequired":true,"valueName":"search_term_string"}}],"inLanguage":"fr-FR"},{"@type":"Organization","@id":"https:\/\/cottenier-partners.be\/#organization","name":"cottenier-partners","url":"https:\/\/cottenier-partners.be\/","logo":{"@type":"ImageObject","inLanguage":"fr-FR","@id":"https:\/\/cottenier-partners.be\/#\/schema\/logo\/image\/","url":"https:\/\/cottenier-partners.be\/wp-content\/uploads\/2023\/06\/Logo_Cottenier.png","contentUrl":"https:\/\/cottenier-partners.be\/wp-content\/uploads\/2023\/06\/Logo_Cottenier.png","width":1000,"height":697,"caption":"cottenier-partners"},"image":{"@id":"https:\/\/cottenier-partners.be\/#\/schema\/logo\/image\/"}}]}},"_links":{"self":[{"href":"https:\/\/cottenier-partners.be\/index.php\/wp-json\/wp\/v2\/pages\/707","targetHints":{"allow":["GET"]}}],"collection":[{"href":"https:\/\/cottenier-partners.be\/index.php\/wp-json\/wp\/v2\/pages"}],"about":[{"href":"https:\/\/cottenier-partners.be\/index.php\/wp-json\/wp\/v2\/types\/page"}],"author":[{"embeddable":true,"href":"https:\/\/cottenier-partners.be\/index.php\/wp-json\/wp\/v2\/users\/1"}],"replies":[{"embeddable":true,"href":"https:\/\/cottenier-partners.be\/index.php\/wp-json\/wp\/v2\/comments?post=707"}],"version-history":[{"count":1,"href":"https:\/\/cottenier-partners.be\/index.php\/wp-json\/wp\/v2\/pages\/707\/revisions"}],"predecessor-version":[{"id":708,"href":"https:\/\/cottenier-partners.be\/index.php\/wp-json\/wp\/v2\/pages\/707\/revisions\/708"}],"wp:attachment":[{"href":"https:\/\/cottenier-partners.be\/index.php\/wp-json\/wp\/v2\/media?parent=707"}],"curies":[{"name":"wp","href":"https:\/\/api.w.org\/{rel}","templated":true}]}}